{"id":3386,"date":"2019-10-29T08:55:08","date_gmt":"2019-10-29T08:55:08","guid":{"rendered":"https:\/\/postarchive.org\/?page_id=3386"},"modified":"2024-04-27T11:04:20","modified_gmt":"2024-04-27T11:04:20","slug":"aurora","status":"publish","type":"page","link":"https:\/\/postarchive.org\/en\/objects\/aurora\/","title":{"rendered":"Aurora"},"content":{"rendered":"\t\t<div data-elementor-type=\"wp-page\" data-elementor-id=\"3386\" class=\"elementor elementor-3386 elementor-2430\" data-elementor-post-type=\"page\">\n\t\t\t\t<div class=\"elementor-element elementor-element-ef5854d e-flex e-con-boxed sc_inner_width_none sc_layouts_column_icons_position_left e-con e-parent\" data-id=\"ef5854d\" data-element_type=\"container\" data-core-v316-plus=\"true\">\n\t\t\t\t\t<div class=\"e-con-inner\">\n\t\t<div class=\"elementor-element elementor-element-01d7678 e-con-full e-flex sc_inner_width_none sc_layouts_column_icons_position_left e-con e-child\" data-id=\"01d7678\" data-element_type=\"container\">\n\t\t\t\t<div class=\"elementor-element elementor-element-0c6473a sc_fly_static elementor-widget elementor-widget-image-gallery\" data-id=\"0c6473a\" data-element_type=\"widget\" data-widget_type=\"image-gallery.default\">\n\t\t\t\t<div class=\"elementor-widget-container\">\n\t\t\t<style>\/*! elementor - v3.20.0 - 26-03-2024 *\/\n.elementor-image-gallery .gallery-item{display:inline-block;text-align:center;vertical-align:top;width:100%;max-width:100%;margin:0 auto}.elementor-image-gallery .gallery-item img{margin:0 auto}.elementor-image-gallery .gallery-item .gallery-caption{margin:0}.elementor-image-gallery figure img{display:block}.elementor-image-gallery figure figcaption{width:100%}.gallery-spacing-custom .elementor-image-gallery .gallery-icon{padding:0}@media (min-width:768px){.elementor-image-gallery .gallery-columns-2 .gallery-item{max-width:50%}.elementor-image-gallery .gallery-columns-3 .gallery-item{max-width:33.33%}.elementor-image-gallery .gallery-columns-4 .gallery-item{max-width:25%}.elementor-image-gallery .gallery-columns-5 .gallery-item{max-width:20%}.elementor-image-gallery .gallery-columns-6 .gallery-item{max-width:16.666%}.elementor-image-gallery .gallery-columns-7 .gallery-item{max-width:14.28%}.elementor-image-gallery .gallery-columns-8 .gallery-item{max-width:12.5%}.elementor-image-gallery .gallery-columns-9 .gallery-item{max-width:11.11%}.elementor-image-gallery .gallery-columns-10 .gallery-item{max-width:10%}}@media (min-width:480px) and (max-width:767px){.elementor-image-gallery .gallery.gallery-columns-2 .gallery-item,.elementor-image-gallery .gallery.gallery-columns-3 .gallery-item,.elementor-image-gallery .gallery.gallery-columns-4 .gallery-item,.elementor-image-gallery .gallery.gallery-columns-5 .gallery-item,.elementor-image-gallery .gallery.gallery-columns-6 .gallery-item,.elementor-image-gallery .gallery.gallery-columns-7 .gallery-item,.elementor-image-gallery .gallery.gallery-columns-8 .gallery-item,.elementor-image-gallery .gallery.gallery-columns-9 .gallery-item,.elementor-image-gallery .gallery.gallery-columns-10 .gallery-item{max-width:50%}}@media (max-width:479px){.elementor-image-gallery .gallery.gallery-columns-2 .gallery-item,.elementor-image-gallery .gallery.gallery-columns-3 .gallery-item,.elementor-image-gallery .gallery.gallery-columns-4 .gallery-item,.elementor-image-gallery .gallery.gallery-columns-5 .gallery-item,.elementor-image-gallery .gallery.gallery-columns-6 .gallery-item,.elementor-image-gallery .gallery.gallery-columns-7 .gallery-item,.elementor-image-gallery .gallery.gallery-columns-8 .gallery-item,.elementor-image-gallery .gallery.gallery-columns-9 .gallery-item,.elementor-image-gallery .gallery.gallery-columns-10 .gallery-item{max-width:100%}}<\/style>\t\t<div class=\"elementor-image-gallery\">\n\t\t\t<div id='gallery-1' class='gallery galleryid-3386 gallery-columns-3 gallery-size-thumbnail'><figure class='gallery-item'>\n\t\t\t<div class='gallery-icon landscape'>\n\t\t\t\t<a data-elementor-open-lightbox=\"yes\" data-elementor-lightbox-slideshow=\"0c6473a\" data-elementor-lightbox-title=\"Obj_casa1_tijolo-com-tubo-e-tomada\" data-e-action-hash=\"#elementor-action%3Aaction%3Dlightbox%26settings%3DeyJpZCI6NTM4NCwidXJsIjoiaHR0cHM6XC9cL3Bvc3RhcmNoaXZlLm9yZ1wvd3AyMDI0XC93cC1jb250ZW50XC91cGxvYWRzXC8yMDI0XC8wNFwvT2JqX2Nhc2ExX3Rpam9sby1jb20tdHViby1lLXRvbWFkYS5qcGciLCJzbGlkZXNob3ciOiIwYzY0NzNhIn0%3D\" href='https:\/\/postarchive.org\/wp2024\/wp-content\/uploads\/2024\/04\/Obj_casa1_tijolo-com-tubo-e-tomada.jpg'><img decoding=\"async\" width=\"150\" height=\"100\" src=\"https:\/\/postarchive.org\/wp2024\/wp-content\/uploads\/2024\/04\/Obj_casa1_tijolo-com-tubo-e-tomada.jpg\" class=\"attachment-thumbnail size-thumbnail\" alt=\"\" \/><\/a>\n\t\t\t<\/div><\/figure><figure class='gallery-item'>\n\t\t\t<div class='gallery-icon landscape'>\n\t\t\t\t<a data-elementor-open-lightbox=\"yes\" data-elementor-lightbox-slideshow=\"0c6473a\" data-elementor-lightbox-title=\"Obj_casa1_ventoilha-preta\" data-e-action-hash=\"#elementor-action%3Aaction%3Dlightbox%26settings%3DeyJpZCI6NTM4NSwidXJsIjoiaHR0cHM6XC9cL3Bvc3RhcmNoaXZlLm9yZ1wvd3AyMDI0XC93cC1jb250ZW50XC91cGxvYWRzXC8yMDI0XC8wNFwvT2JqX2Nhc2ExX3ZlbnRvaWxoYS1wcmV0YS5qcGciLCJzbGlkZXNob3ciOiIwYzY0NzNhIn0%3D\" href='https:\/\/postarchive.org\/wp2024\/wp-content\/uploads\/2024\/04\/Obj_casa1_ventoilha-preta.jpg'><img decoding=\"async\" width=\"150\" height=\"100\" src=\"https:\/\/postarchive.org\/wp2024\/wp-content\/uploads\/2024\/04\/Obj_casa1_ventoilha-preta.jpg\" class=\"attachment-thumbnail size-thumbnail\" alt=\"\" \/><\/a>\n\t\t\t<\/div><\/figure><figure class='gallery-item'>\n\t\t\t<div class='gallery-icon landscape'>\n\t\t\t\t<a data-elementor-open-lightbox=\"yes\" data-elementor-lightbox-slideshow=\"0c6473a\" data-elementor-lightbox-title=\"Obj_casa1_fios-internet\" data-e-action-hash=\"#elementor-action%3Aaction%3Dlightbox%26settings%3DeyJpZCI6NTM4NiwidXJsIjoiaHR0cHM6XC9cL3Bvc3RhcmNoaXZlLm9yZ1wvd3AyMDI0XC93cC1jb250ZW50XC91cGxvYWRzXC8yMDI0XC8wNFwvT2JqX2Nhc2ExX2Zpb3MtaW50ZXJuZXQuanBnIiwic2xpZGVzaG93IjoiMGM2NDczYSJ9\" href='https:\/\/postarchive.org\/wp2024\/wp-content\/uploads\/2024\/04\/Obj_casa1_fios-internet.jpg'><img decoding=\"async\" width=\"150\" height=\"100\" src=\"https:\/\/postarchive.org\/wp2024\/wp-content\/uploads\/2024\/04\/Obj_casa1_fios-internet.jpg\" class=\"attachment-thumbnail size-thumbnail\" alt=\"\" \/><\/a>\n\t\t\t<\/div><\/figure><figure class='gallery-item'>\n\t\t\t<div class='gallery-icon landscape'>\n\t\t\t\t<a data-elementor-open-lightbox=\"yes\" data-elementor-lightbox-slideshow=\"0c6473a\" data-elementor-lightbox-title=\"Obj_casa1_mala-branca-sehnora-com-terra-\" data-e-action-hash=\"#elementor-action%3Aaction%3Dlightbox%26settings%3DeyJpZCI6NTM4NywidXJsIjoiaHR0cHM6XC9cL3Bvc3RhcmNoaXZlLm9yZ1wvd3AyMDI0XC93cC1jb250ZW50XC91cGxvYWRzXC8yMDI0XC8wNFwvT2JqX2Nhc2ExX21hbGEtYnJhbmNhLXNlaG5vcmEtY29tLXRlcnJhLS5qcGciLCJzbGlkZXNob3ciOiIwYzY0NzNhIn0%3D\" href='https:\/\/postarchive.org\/wp2024\/wp-content\/uploads\/2024\/04\/Obj_casa1_mala-branca-sehnora-com-terra-.jpg'><img loading=\"lazy\" decoding=\"async\" width=\"150\" height=\"100\" src=\"https:\/\/postarchive.org\/wp2024\/wp-content\/uploads\/2024\/04\/Obj_casa1_mala-branca-sehnora-com-terra-.jpg\" class=\"attachment-thumbnail size-thumbnail\" alt=\"\" \/><\/a>\n\t\t\t<\/div><\/figure><figure class='gallery-item'>\n\t\t\t<div class='gallery-icon landscape'>\n\t\t\t\t<a data-elementor-open-lightbox=\"yes\" data-elementor-lightbox-slideshow=\"0c6473a\" data-elementor-lightbox-title=\"Obj_casa1_pl\u00e1stico-ch\u00e3o\" data-e-action-hash=\"#elementor-action%3Aaction%3Dlightbox%26settings%3DeyJpZCI6NTM4OCwidXJsIjoiaHR0cHM6XC9cL3Bvc3RhcmNoaXZlLm9yZ1wvd3AyMDI0XC93cC1jb250ZW50XC91cGxvYWRzXC8yMDI0XC8wNFwvT2JqX2Nhc2ExX3BsYXN0aWNvLWNoYW8uanBnIiwic2xpZGVzaG93IjoiMGM2NDczYSJ9\" href='https:\/\/postarchive.org\/wp2024\/wp-content\/uploads\/2024\/04\/Obj_casa1_plastico-chao.jpg'><img loading=\"lazy\" decoding=\"async\" width=\"150\" height=\"100\" src=\"https:\/\/postarchive.org\/wp2024\/wp-content\/uploads\/2024\/04\/Obj_casa1_plastico-chao.jpg\" class=\"attachment-thumbnail size-thumbnail\" alt=\"\" \/><\/a>\n\t\t\t<\/div><\/figure><figure class='gallery-item'>\n\t\t\t<div class='gallery-icon landscape'>\n\t\t\t\t<a data-elementor-open-lightbox=\"yes\" data-elementor-lightbox-slideshow=\"0c6473a\" data-elementor-lightbox-title=\"Obj_casa1_sandalias-defonseca-2\" data-e-action-hash=\"#elementor-action%3Aaction%3Dlightbox%26settings%3DeyJpZCI6NTM4OSwidXJsIjoiaHR0cHM6XC9cL3Bvc3RhcmNoaXZlLm9yZ1wvd3AyMDI0XC93cC1jb250ZW50XC91cGxvYWRzXC8yMDI0XC8wNFwvT2JqX2Nhc2ExX3NhbmRhbGlhcy1kZWZvbnNlY2EtMi5qcGciLCJzbGlkZXNob3ciOiIwYzY0NzNhIn0%3D\" href='https:\/\/postarchive.org\/wp2024\/wp-content\/uploads\/2024\/04\/Obj_casa1_sandalias-defonseca-2.jpg'><img loading=\"lazy\" decoding=\"async\" width=\"150\" height=\"100\" src=\"https:\/\/postarchive.org\/wp2024\/wp-content\/uploads\/2024\/04\/Obj_casa1_sandalias-defonseca-2.jpg\" class=\"attachment-thumbnail size-thumbnail\" alt=\"\" \/><\/a>\n\t\t\t<\/div><\/figure><figure class='gallery-item'>\n\t\t\t<div class='gallery-icon landscape'>\n\t\t\t\t<a data-elementor-open-lightbox=\"yes\" data-elementor-lightbox-slideshow=\"0c6473a\" data-elementor-lightbox-title=\"Obj_casa1_sapatilhas-deeply\" data-e-action-hash=\"#elementor-action%3Aaction%3Dlightbox%26settings%3DeyJpZCI6NTM5MCwidXJsIjoiaHR0cHM6XC9cL3Bvc3RhcmNoaXZlLm9yZ1wvd3AyMDI0XC93cC1jb250ZW50XC91cGxvYWRzXC8yMDI0XC8wNFwvT2JqX2Nhc2ExX3NhcGF0aWxoYXMtZGVlcGx5LmpwZyIsInNsaWRlc2hvdyI6IjBjNjQ3M2EifQ%3D%3D\" href='https:\/\/postarchive.org\/wp2024\/wp-content\/uploads\/2024\/04\/Obj_casa1_sapatilhas-deeply.jpg'><img loading=\"lazy\" decoding=\"async\" width=\"150\" height=\"100\" src=\"https:\/\/postarchive.org\/wp2024\/wp-content\/uploads\/2024\/04\/Obj_casa1_sapatilhas-deeply.jpg\" class=\"attachment-thumbnail size-thumbnail\" alt=\"\" \/><\/a>\n\t\t\t<\/div><\/figure><figure class='gallery-item'>\n\t\t\t<div class='gallery-icon landscape'>\n\t\t\t\t<a data-elementor-open-lightbox=\"yes\" data-elementor-lightbox-slideshow=\"0c6473a\" data-elementor-lightbox-title=\"Obj_casa1_blusa-seda-colorida\" data-e-action-hash=\"#elementor-action%3Aaction%3Dlightbox%26settings%3DeyJpZCI6NTM5MSwidXJsIjoiaHR0cHM6XC9cL3Bvc3RhcmNoaXZlLm9yZ1wvd3AyMDI0XC93cC1jb250ZW50XC91cGxvYWRzXC8yMDI0XC8wNFwvT2JqX2Nhc2ExX2JsdXNhLXNlZGEtY29sb3JpZGEuanBnIiwic2xpZGVzaG93IjoiMGM2NDczYSJ9\" href='https:\/\/postarchive.org\/wp2024\/wp-content\/uploads\/2024\/04\/Obj_casa1_blusa-seda-colorida.jpg'><img loading=\"lazy\" decoding=\"async\" width=\"150\" height=\"100\" src=\"https:\/\/postarchive.org\/wp2024\/wp-content\/uploads\/2024\/04\/Obj_casa1_blusa-seda-colorida.jpg\" class=\"attachment-thumbnail size-thumbnail\" alt=\"\" \/><\/a>\n\t\t\t<\/div><\/figure><figure class='gallery-item'>\n\t\t\t<div class='gallery-icon landscape'>\n\t\t\t\t<a data-elementor-open-lightbox=\"yes\" data-elementor-lightbox-slideshow=\"0c6473a\" data-elementor-lightbox-title=\"Obj_casa1_boneca\" data-e-action-hash=\"#elementor-action%3Aaction%3Dlightbox%26settings%3DeyJpZCI6NTM5MiwidXJsIjoiaHR0cHM6XC9cL3Bvc3RhcmNoaXZlLm9yZ1wvd3AyMDI0XC93cC1jb250ZW50XC91cGxvYWRzXC8yMDI0XC8wNFwvT2JqX2Nhc2ExX2JvbmVjYS5qcGciLCJzbGlkZXNob3ciOiIwYzY0NzNhIn0%3D\" href='https:\/\/postarchive.org\/wp2024\/wp-content\/uploads\/2024\/04\/Obj_casa1_boneca.jpg'><img loading=\"lazy\" decoding=\"async\" width=\"150\" height=\"100\" src=\"https:\/\/postarchive.org\/wp2024\/wp-content\/uploads\/2024\/04\/Obj_casa1_boneca.jpg\" class=\"attachment-thumbnail size-thumbnail\" alt=\"\" \/><\/a>\n\t\t\t<\/div><\/figure><figure class='gallery-item'>\n\t\t\t<div class='gallery-icon landscape'>\n\t\t\t\t<a data-elementor-open-lightbox=\"yes\" data-elementor-lightbox-slideshow=\"0c6473a\" data-elementor-lightbox-title=\"Obj_casa1_capa-guarda-chuva\" data-e-action-hash=\"#elementor-action%3Aaction%3Dlightbox%26settings%3DeyJpZCI6NTM5MywidXJsIjoiaHR0cHM6XC9cL3Bvc3RhcmNoaXZlLm9yZ1wvd3AyMDI0XC93cC1jb250ZW50XC91cGxvYWRzXC8yMDI0XC8wNFwvT2JqX2Nhc2ExX2NhcGEtZ3VhcmRhLWNodXZhLmpwZyIsInNsaWRlc2hvdyI6IjBjNjQ3M2EifQ%3D%3D\" href='https:\/\/postarchive.org\/wp2024\/wp-content\/uploads\/2024\/04\/Obj_casa1_capa-guarda-chuva.jpg'><img loading=\"lazy\" decoding=\"async\" width=\"150\" height=\"100\" src=\"https:\/\/postarchive.org\/wp2024\/wp-content\/uploads\/2024\/04\/Obj_casa1_capa-guarda-chuva.jpg\" class=\"attachment-thumbnail size-thumbnail\" alt=\"\" \/><\/a>\n\t\t\t<\/div><\/figure><figure class='gallery-item'>\n\t\t\t<div class='gallery-icon landscape'>\n\t\t\t\t<a data-elementor-open-lightbox=\"yes\" data-elementor-lightbox-slideshow=\"0c6473a\" data-elementor-lightbox-title=\"Obj_casa1_estore-branco\" data-e-action-hash=\"#elementor-action%3Aaction%3Dlightbox%26settings%3DeyJpZCI6NTM5NCwidXJsIjoiaHR0cHM6XC9cL3Bvc3RhcmNoaXZlLm9yZ1wvd3AyMDI0XC93cC1jb250ZW50XC91cGxvYWRzXC8yMDI0XC8wNFwvT2JqX2Nhc2ExX2VzdG9yZS1icmFuY28uanBnIiwic2xpZGVzaG93IjoiMGM2NDczYSJ9\" href='https:\/\/postarchive.org\/wp2024\/wp-content\/uploads\/2024\/04\/Obj_casa1_estore-branco.jpg'><img loading=\"lazy\" decoding=\"async\" width=\"150\" height=\"100\" src=\"https:\/\/postarchive.org\/wp2024\/wp-content\/uploads\/2024\/04\/Obj_casa1_estore-branco.jpg\" class=\"attachment-thumbnail size-thumbnail\" alt=\"\" \/><\/a>\n\t\t\t<\/div><\/figure><figure class='gallery-item'>\n\t\t\t<div class='gallery-icon landscape'>\n\t\t\t\t<a data-elementor-open-lightbox=\"yes\" data-elementor-lightbox-slideshow=\"0c6473a\" data-elementor-lightbox-title=\"Obj_casa1_azulejo-decorativo\" data-e-action-hash=\"#elementor-action%3Aaction%3Dlightbox%26settings%3DeyJpZCI6NTM5NSwidXJsIjoiaHR0cHM6XC9cL3Bvc3RhcmNoaXZlLm9yZ1wvd3AyMDI0XC93cC1jb250ZW50XC91cGxvYWRzXC8yMDI0XC8wNFwvT2JqX2Nhc2ExX2F6dWxlam8tZGVjb3JhdGl2by5qcGciLCJzbGlkZXNob3ciOiIwYzY0NzNhIn0%3D\" href='https:\/\/postarchive.org\/wp2024\/wp-content\/uploads\/2024\/04\/Obj_casa1_azulejo-decorativo.jpg'><img loading=\"lazy\" decoding=\"async\" width=\"150\" height=\"100\" src=\"https:\/\/postarchive.org\/wp2024\/wp-content\/uploads\/2024\/04\/Obj_casa1_azulejo-decorativo.jpg\" class=\"attachment-thumbnail size-thumbnail\" alt=\"\" \/><\/a>\n\t\t\t<\/div><\/figure><figure class='gallery-item'>\n\t\t\t<div class='gallery-icon landscape'>\n\t\t\t\t<a data-elementor-open-lightbox=\"yes\" data-elementor-lightbox-slideshow=\"0c6473a\" data-elementor-lightbox-title=\"Obj_casa1_bloco-notas\" data-e-action-hash=\"#elementor-action%3Aaction%3Dlightbox%26settings%3DeyJpZCI6NTM5NiwidXJsIjoiaHR0cHM6XC9cL3Bvc3RhcmNoaXZlLm9yZ1wvd3AyMDI0XC93cC1jb250ZW50XC91cGxvYWRzXC8yMDI0XC8wNFwvT2JqX2Nhc2ExX2Jsb2NvLW5vdGFzLmpwZyIsInNsaWRlc2hvdyI6IjBjNjQ3M2EifQ%3D%3D\" href='https:\/\/postarchive.org\/wp2024\/wp-content\/uploads\/2024\/04\/Obj_casa1_bloco-notas.jpg'><img loading=\"lazy\" decoding=\"async\" width=\"150\" height=\"100\" src=\"https:\/\/postarchive.org\/wp2024\/wp-content\/uploads\/2024\/04\/Obj_casa1_bloco-notas.jpg\" class=\"attachment-thumbnail size-thumbnail\" alt=\"\" \/><\/a>\n\t\t\t<\/div><\/figure>\n\t\t<\/div>\n\t\t<\/div>\n\t\t\t\t<\/div>\n\t\t\t\t<\/div>\n\t\t\t\t<\/div>\n\t\t<div class=\"elementor-element elementor-element-2ca8eb7 e-con-full e-flex sc_inner_width_none sc_layouts_column_icons_position_left e-con e-child\" data-id=\"2ca8eb7\" data-element_type=\"container\">\n\t\t\t\t<div class=\"elementor-element elementor-element-921ce13 sc_fly_static elementor-widget elementor-widget-text-editor\" data-id=\"921ce13\" data-element_type=\"widget\" data-widget_type=\"text-editor.default\">\n\t\t\t\t<div class=\"elementor-widget-container\">\n\t\t\t<style>\/*! elementor - v3.20.0 - 26-03-2024 *\/\n.elementor-widget-text-editor.elementor-drop-cap-view-stacked .elementor-drop-cap{background-color:#69727d;color:#fff}.elementor-widget-text-editor.elementor-drop-cap-view-framed .elementor-drop-cap{color:#69727d;border:3px solid;background-color:transparent}.elementor-widget-text-editor:not(.elementor-drop-cap-view-default) .elementor-drop-cap{margin-top:8px}.elementor-widget-text-editor:not(.elementor-drop-cap-view-default) .elementor-drop-cap-letter{width:1em;height:1em}.elementor-widget-text-editor .elementor-drop-cap{float:left;text-align:center;line-height:1;font-size:50px}.elementor-widget-text-editor .elementor-drop-cap-letter{display:inline-block}<\/style>\t\t\t\t<p><strong>Title:<\/strong> Casa Aurora<br \/><strong>Date:<\/strong> 2019<br \/><strong>Dimensions and media:<\/strong> 30 x 40cm, Digital TIFF<br \/><strong>Name of author:<\/strong> Miranda, M\u00f3nica de. 1976-, artista visual<br \/><strong>Reproduction rights<\/strong>: All rights reserved for the purpose of publication, exhibition and commercial use<br \/><strong>Code:<\/strong> MM-UND-AUR-000<br \/><strong>Place:<\/strong> Mira Loures<br \/><strong>Category:<\/strong> Fotografia<\/p>\t\t\t\t\t\t<\/div>\n\t\t\t\t<\/div>\n\t\t\t\t<\/div>\n\t\t\t\t\t<\/div>\n\t\t\t\t<\/div>\n\t\t<div class=\"elementor-element elementor-element-94538be e-flex e-con-boxed sc_inner_width_none sc_layouts_column_icons_position_left e-con e-parent\" data-id=\"94538be\" data-element_type=\"container\" data-core-v316-plus=\"true\">\n\t\t\t\t\t<div class=\"e-con-inner\">\n\t\t\t\t<div class=\"elementor-element elementor-element-425a92c sc_fly_static elementor-widget elementor-widget-spacer\" data-id=\"425a92c\" data-element_type=\"widget\" data-widget_type=\"spacer.default\">\n\t\t\t\t<div class=\"elementor-widget-container\">\n\t\t\t<style>\/*! elementor - v3.20.0 - 26-03-2024 *\/\n.elementor-column .elementor-spacer-inner{height:var(--spacer-size)}.e-con{--container-widget-width:100%}.e-con-inner>.elementor-widget-spacer,.e-con>.elementor-widget-spacer{width:var(--container-widget-width,var(--spacer-size));--align-self:var(--container-widget-align-self,initial);--flex-shrink:0}.e-con-inner>.elementor-widget-spacer>.elementor-widget-container,.e-con>.elementor-widget-spacer>.elementor-widget-container{height:100%;width:100%}.e-con-inner>.elementor-widget-spacer>.elementor-widget-container>.elementor-spacer,.e-con>.elementor-widget-spacer>.elementor-widget-container>.elementor-spacer{height:100%}.e-con-inner>.elementor-widget-spacer>.elementor-widget-container>.elementor-spacer>.elementor-spacer-inner,.e-con>.elementor-widget-spacer>.elementor-widget-container>.elementor-spacer>.elementor-spacer-inner{height:var(--container-widget-height,var(--spacer-size))}.e-con-inner>.elementor-widget-spacer.elementor-widget-empty,.e-con>.elementor-widget-spacer.elementor-widget-empty{position:relative;min-height:22px;min-width:22px}.e-con-inner>.elementor-widget-spacer.elementor-widget-empty .elementor-widget-empty-icon,.e-con>.elementor-widget-spacer.elementor-widget-empty .elementor-widget-empty-icon{position:absolute;top:0;bottom:0;left:0;right:0;margin:auto;padding:0;width:22px;height:22px}<\/style>\t\t<div class=\"elementor-spacer\">\n\t\t\t<div class=\"elementor-spacer-inner\"><\/div>\n\t\t<\/div>\n\t\t\t\t<\/div>\n\t\t\t\t<\/div>\n\t\t\t\t\t<\/div>\n\t\t\t\t<\/div>\n\t\t<div class=\"elementor-element elementor-element-2e1cf070 sc_layouts_hide_on_wide sc_layouts_hide_on_desktop sc_layouts_hide_on_notebook sc_layouts_hide_on_tablet sc_layouts_hide_on_mobile e-flex e-con-boxed sc_inner_width_none sc_layouts_column_icons_position_left e-con e-parent\" data-id=\"2e1cf070\" data-element_type=\"container\" data-core-v316-plus=\"true\">\n\t\t\t\t\t<div class=\"e-con-inner\">\n\t\t\t\t<div class=\"elementor-element elementor-element-4588a599 sc_fly_static elementor-widget elementor-widget-text-editor\" data-id=\"4588a599\" data-element_type=\"widget\" data-widget_type=\"text-editor.default\">\n\t\t\t\t<div class=\"elementor-widget-container\">\n\t\t\t\t\t\t\t<p>[vc_row][vc_column][vc_custom_heading text=&#8221;Casa Aurora&#8221; font_container=&#8221;tag:h3|text_align:left&#8221; google_fonts=&#8221;font_family:Raleway%3A100%2C200%2C300%2Cregular%2C500%2C600%2C700%2C800%2C900|font_style:400%20regular%3A400%3Anormal&#8221;][vc_empty_space height=&#8221;5px&#8221;][vc_separator color=&#8221;black&#8221;][\/vc_column][\/vc_row][vc_row][vc_column width=&#8221;5\/6&#8243;][vc_column_text][Best_Wordpress_Gallery id=&#8221;57&#8243; gal_title=&#8221;Objetos_casa1&#8243;]<\/p><p>[\/vc_column_text][\/vc_column][vc_column width=&#8221;1\/6&#8243;][vc_empty_space height=&#8221;55px&#8221;][vc_column_text]<\/p><h6>T\u00edtulo: Casa Aurora<\/h6><h6>Data: 2019<\/h6><h6>Dimens\u00e3o e suporte: 30 x 40cm, Digital TIFF<\/h6><h6>Nome dos autores: Miranda, M\u00f3nica de. 1976-, artista visual<\/h6><h6>Condi\u00e7\u00f5es de reprodu\u00e7\u00e3o: Direitos reservados para efeito de publica\u00e7\u00e3o, exposi\u00e7\u00e3o e utiliza\u00e7\u00e3o comercial<\/h6><h6>C\u00f3digo: MM-UND-AUR-000<\/h6><h6>Localiza\u00e7\u00e3o: Mira Loures<\/h6><h6>Categoria: Fotografia<\/h6><p>[\/vc_column_text][\/vc_column][\/vc_row]<\/p>\t\t\t\t\t\t<\/div>\n\t\t\t\t<\/div>\n\t\t\t\t\t<\/div>\n\t\t\t\t<\/div>\n\t\t\t\t<\/div>\n\t\t","protected":false},"excerpt":{"rendered":"<p>Title: Casa AuroraDate: 2019Dimensions and media: 30 x 40cm, Digital TIFFName of author: Miranda, M\u00f3nica de. 1976-, artista visualReproduction rights: All rights reserved for the purpose of publication, exhibition and&hellip;<\/p>\n","protected":false},"author":1,"featured_media":0,"parent":3384,"menu_order":0,"comment_status":"closed","ping_status":"closed","template":"","meta":{"footnotes":""},"_links":{"self":[{"href":"https:\/\/postarchive.org\/en\/wp-json\/wp\/v2\/pages\/3386"}],"collection":[{"href":"https:\/\/postarchive.org\/en\/wp-json\/wp\/v2\/pages"}],"about":[{"href":"https:\/\/postarchive.org\/en\/wp-json\/wp\/v2\/types\/page"}],"author":[{"embeddable":true,"href":"https:\/\/postarchive.org\/en\/wp-json\/wp\/v2\/users\/1"}],"replies":[{"embeddable":true,"href":"https:\/\/postarchive.org\/en\/wp-json\/wp\/v2\/comments?post=3386"}],"version-history":[{"count":11,"href":"https:\/\/postarchive.org\/en\/wp-json\/wp\/v2\/pages\/3386\/revisions"}],"predecessor-version":[{"id":5879,"href":"https:\/\/postarchive.org\/en\/wp-json\/wp\/v2\/pages\/3386\/revisions\/5879"}],"up":[{"embeddable":true,"href":"https:\/\/postarchive.org\/en\/wp-json\/wp\/v2\/pages\/3384"}],"wp:attachment":[{"href":"https:\/\/postarchive.org\/en\/wp-json\/wp\/v2\/media?parent=3386"}],"curies":[{"name":"wp","href":"https:\/\/api.w.org\/{rel}","templated":true}]}}