{"id":1381,"date":"2015-07-23T09:39:09","date_gmt":"2015-07-23T09:39:09","guid":{"rendered":"http:\/\/postarchive.org\/?page_id=1381"},"modified":"2024-04-17T07:38:32","modified_gmt":"2024-04-17T07:38:32","slug":"about-2","status":"publish","type":"page","link":"https:\/\/postarchive.org\/en\/about-2\/","title":{"rendered":"About"},"content":{"rendered":"\t\t<div data-elementor-type=\"wp-page\" data-elementor-id=\"1381\" class=\"elementor elementor-1381\" data-elementor-post-type=\"page\">\n\t\t\t\t<div class=\"elementor-element elementor-element-686a20a0 e-flex e-con-boxed sc_inner_width_none sc_layouts_column_icons_position_left e-con e-parent\" data-id=\"686a20a0\" data-element_type=\"container\" data-core-v316-plus=\"true\">\n\t\t\t\t\t<div class=\"e-con-inner\">\n\t\t\t\t<div class=\"elementor-element elementor-element-56aa2a59 sc_fly_static elementor-widget elementor-widget-text-editor\" data-id=\"56aa2a59\" data-element_type=\"widget\" data-widget_type=\"text-editor.default\">\n\t\t\t\t<div class=\"elementor-widget-container\">\n\t\t\t<style>\/*! elementor - v3.20.0 - 26-03-2024 *\/\n.elementor-widget-text-editor.elementor-drop-cap-view-stacked .elementor-drop-cap{background-color:#69727d;color:#fff}.elementor-widget-text-editor.elementor-drop-cap-view-framed .elementor-drop-cap{color:#69727d;border:3px solid;background-color:transparent}.elementor-widget-text-editor:not(.elementor-drop-cap-view-default) .elementor-drop-cap{margin-top:8px}.elementor-widget-text-editor:not(.elementor-drop-cap-view-default) .elementor-drop-cap-letter{width:1em;height:1em}.elementor-widget-text-editor .elementor-drop-cap{float:left;text-align:center;line-height:1;font-size:50px}.elementor-widget-text-editor .elementor-drop-cap-letter{display:inline-block}<\/style>\t\t\t\t<p>The archive has recently emerged as a critical tool to conceptualize the heuristic value of history, heritage, and memory in debates on postcolonial discourses. Responses to the colonial archive are a significant current in late 20th and early 21st century culture. In many different contexts and in a range of visual media, artists have critiqued and deconstructed dominant Western myths and stereotypes of identity. The theoretical issues that inform this subject include the relationship between aesthetics and politics, forms of resistance, the structure and operation of cultural stereotypes in visual cultures, questions of cultural agency, the relationship between postcolonialism and feminism, cultural hybridity, and cross-cultural borrowing and appropriation.<\/p><p>The <strong>post-archive<\/strong> is a\u00a0 video and photographic project to be develop by M\u00f3nica de Miranda as practice based research. It will take the form of a contemporary art archive presented as a\u00a0web-based platform. This archive will combine factual past<br \/>and present contemporary experiences with history and memory intertwined with fictional re-imaginings of post-colonial urban places and spaces through the place of the familiar and the genealogy of the personal spaces of the artist. This archive will be a study and practice of storing, cataloguing, and retrieving documents, photographs, videos, postcards, related to the city present postcolonial geographies of Lisbon and its contested territories, legacies, memories, and identities. It will look to the figure of the artist as an archaeologist and ethnographer, who works as a personal archivist and ethnographer of histories and aims to recover and reconstruct memories and archives, to reveal how this shapes a relation to the past and the construction of historical meanings for the present understanding of reality.<\/p><p>Scientific coordination and organized by M\u00f3nica de Miranda.<br \/><a href=\"https:\/\/hangar.com.pt\/portfolios\/pos-arquivo\/\">This project is part of the project \u00a0Post-Archive<\/a>: Politics of Memory, Place and Identity, CITCOM-CEC-FLUL.<br \/>This project was produced with national funding from the FCT-Funda\u00e7\u00e3o para a Ci\u00eancia e a Tecnologia, I.P. under the project UIDB\/00509\/2020.<\/p><p>M\u00f3nica de Miranda is a Portuguese\/Angolan visual artist, film-maker and researcher whose interdisciplinary and research-based practice critically looks at the convergence of politics, gender, memory, space and history. Her work encompasses<br \/>drawing, installation, photography, film and sound, on the boundaries between documentary and fiction. M\u00f3nica investigates strategies of resistance, geographies of affection, storytelling and ecologies of care.<\/p><p>She is the founder of Hangar (2014), an art and research centre in Lisbon. Hangar\u2019s programmes provide spaces where artists, curators and researchers mainly from the global south can co-create and build social and creative networks to benefit their communities.<\/p><p>As artist and co-curator of the project Greenhouse, Monica represents the Portugal Pavilion at La Biennale di Venezia 2024.<\/p><p>Her work has been presented at major international events such as: 6th Lubumbashi Biennale; 12th Berlin Biennale; 12th Dakar Biennale; 5th Biennale Internationale de l\u2019Art Contemporain de Casablanca; Bamako Encounters \u2013 13th African Biennale of Photography; 14th Venice Architecture Biennale; BIENALSUR 2021; Houston FotoFest 2022;18th Fotografia Europea, Reggio Emilia.<\/p><p>Solo and group exhibitions have taken place at: CAIXA Cultural, Rio de Janeiro; Bildmuseet, Ume\u00e5; Kadist Art Foundation, Paris; Gulbenkian, Lisbon; MUCEM, Marseilles; AfricaMuseum, Tervuren; MAAT, Lisbon; MUAC, Mexico City; Barbican, London; Autograph, London; Frac pays de la Loire, Nantes; Uppsala Museum, Sweden; MNAC, Lisbon; Cam\u00f5es Cultural Institute, Luanda, among others.<\/p><p>Monica\u2019s work features in public and private collections worldwide.<\/p>\t\t\t\t\t\t<\/div>\n\t\t\t\t<\/div>\n\t\t\t\t\t<\/div>\n\t\t\t\t<\/div>\n\t\t\t\t<\/div>\n\t\t","protected":false},"excerpt":{"rendered":"<p>The archive has recently emerged as a critical tool to conceptualize the heuristic value of history, heritage, and memory in debates on postcolonial discourses. Responses to the colonial archive are&hellip;<\/p>\n","protected":false},"author":1,"featured_media":0,"parent":0,"menu_order":0,"comment_status":"closed","ping_status":"closed","template":"","meta":{"footnotes":""},"_links":{"self":[{"href":"https:\/\/postarchive.org\/en\/wp-json\/wp\/v2\/pages\/1381"}],"collection":[{"href":"https:\/\/postarchive.org\/en\/wp-json\/wp\/v2\/pages"}],"about":[{"href":"https:\/\/postarchive.org\/en\/wp-json\/wp\/v2\/types\/page"}],"author":[{"embeddable":true,"href":"https:\/\/postarchive.org\/en\/wp-json\/wp\/v2\/users\/1"}],"replies":[{"embeddable":true,"href":"https:\/\/postarchive.org\/en\/wp-json\/wp\/v2\/comments?post=1381"}],"version-history":[{"count":16,"href":"https:\/\/postarchive.org\/en\/wp-json\/wp\/v2\/pages\/1381\/revisions"}],"predecessor-version":[{"id":5533,"href":"https:\/\/postarchive.org\/en\/wp-json\/wp\/v2\/pages\/1381\/revisions\/5533"}],"wp:attachment":[{"href":"https:\/\/postarchive.org\/en\/wp-json\/wp\/v2\/media?parent=1381"}],"curies":[{"name":"wp","href":"https:\/\/api.w.org\/{rel}","templated":true}]}}